{"id":127,"date":"2022-12-25T21:08:25","date_gmt":"2022-12-25T21:08:25","guid":{"rendered":"https:\/\/trivu.weblamdong.com\/?page_id=127"},"modified":"2022-12-29T14:43:58","modified_gmt":"2022-12-29T14:43:58","slug":"gioi-thieu","status":"publish","type":"page","link":"https:\/\/trivuht.com\/vi\/gioi-thieu\/","title":{"rendered":"Gi\u1edbi thi\u1ec7u"},"content":{"rendered":"\t<section class=\"section taisaowe dark has-parallax\" id=\"section_1403394965\">\n\t\t<div class=\"bg section-bg fill bg-fill  \" data-parallax-container=\".section\" data-parallax-background data-parallax=\"-10\">\n\n\t\t\t\n\t\t\t<div class=\"section-bg-overlay absolute fill\"><\/div>\n\t\t\t\n\n\t\t<\/div>\n\n\t\t\n\n\t\t<div class=\"section-content relative\">\n\t\t\t\n<div class=\"row row-large align-middle\"  id=\"row-1519433483\">\n\n\t<div id=\"col-768715079\" class=\"col small-12 large-12\"  >\n\t\t\t\t<div class=\"col-inner text-center\"  >\n\t\t\t\n\t\t\t\n  <div id=\"page-header-1887925229\" class=\"page-header-wrapper\">\n  <div class=\"page-title dark simple-title\">\n\n    \n    <div class=\"page-title-inner container align-center text-center flex-row-col medium-flex-wrap\" >\n              <div class=\"title-wrapper flex-col\">\n          <h1 class=\"entry-title mb-0\">\n            Gi\u1edbi thi\u1ec7u          <\/h1>\n        <\/div>\n                    <div class=\"title-content flex-col\">\n        <div class=\"title-breadcrumbs pb-half pt-half\"><nav class=\"woocommerce-breadcrumb breadcrumbs \">Home<\/nav><\/div>      <\/div>\n    <\/div>\n\n       <\/div>\n    <\/div>\n  \n\t\t<\/div>\n\t\t\t\t\t<\/div>\n\n\t\n\n<style>\n#row-1519433483 > .col > .col-inner {\n  padding: 50px 0px 50px 0px;\n}\n<\/style>\n<\/div>\n\t\t<\/div>\n\n\t\t\n<style>\n#section_1403394965 {\n  padding-top: 0px;\n  padding-bottom: 0px;\n}\n#section_1403394965 .section-bg-overlay {\n  background-color: rgba(24, 166, 35, 0.93);\n}\n#section_1403394965 .section-bg.bg-loaded {\n  background-image: url(https:\/\/trivuht.com\/wp-content\/uploads\/2022\/12\/why-choose-us.jpg);\n}\n#section_1403394965 .ux-shape-divider--top svg {\n  height: 150px;\n  --divider-top-width: 100%;\n}\n#section_1403394965 .ux-shape-divider--bottom svg {\n  height: 150px;\n  --divider-width: 100%;\n}\n<\/style>\n\t<\/section>\n\t\n\t<section class=\"section gioi-thieu\" id=\"section_1212440139\">\n\t\t<div class=\"bg section-bg fill bg-fill  bg-loaded\" >\n\n\t\t\t\n\t\t\t\n\t\t\t\n\n\t\t<\/div>\n\n\t\t\n\n\t\t<div class=\"section-content relative\">\n\t\t\t\n<div class=\"row align-middle\"  id=\"row-797174540\">\n\n\t<div id=\"col-635799767\" class=\"col medium-6 small-12 large-6\"  data-animate=\"fadeInLeft\">\n\t\t\t\t<div class=\"col-inner text-center\"  >\n\t\t\t\n\t\t\t\n\t<div id=\"text-3902775161\" class=\"text\">\n\t\t\n<h2 class=\"elementor-heading-title elementor-size-default\">V\u1ec1 Tr\u00ed V\u0169<\/h2>\n<p>C\u00f4ng ty TNHH thi\u1ebft b\u1ecb Tr\u00ed V\u0169 l\u00e0 m\u1ed9t nh\u00e0 cung c\u1ea5p m\u00e1y m\u00f3c thi\u1ebft b\u1ecb cho ng\u00e0nh c\u00f4ng nghi\u1ec7p v\u00e0 t\u1ef1 \u0111\u1ed9ng h\u00f3a. Ch\u00fang t\u00f4i k\u1ebft n\u1ed1i con ng\u01b0\u1eddi, tri th\u1ee9c, c\u00f4ng ngh\u1ec7, \u0111\u1ec3 \u0111\u00e1p \u1ee9ng nhu c\u1ea7u c\u1ee7a m\u1ecdi kh\u00e1ch h\u00e0ng.<br \/>\nCh\u00fang t\u00f4i lu\u00f4n l\u1eafng nghe v\u00e0 k\u1ebft n\u1ed1i ch\u1eb7t ch\u1ebd v\u1edbi Kh\u00e1ch h\u00e0ng \u0111\u1ec3 cung c\u1ea5p nh\u1eefng s\u1ea3n ph\u1ea9m m\u1edbi nh\u1ea5t nh\u1eb1m \u0111\u00e1p \u1ee9ng ph\u00f9 h\u1ee3p nh\u1ea5t c\u0169ng nh\u01b0 t\u0103ng hi\u1ec7u qu\u1ea3 s\u1ea3n xu\u1ea5t kinh doanh c\u1ee7a Kh\u00e1ch h\u00e0ng.<\/p>\n\t\t\n<style>\n#text-3902775161 {\n  text-align: left;\n}\n<\/style>\n\t<\/div>\n\t\n\t\t<\/div>\n\t\t\t\t\t<\/div>\n\n\t\n\n\t<div id=\"col-793795263\" class=\"col medium-6 small-12 large-6\"  data-animate=\"fadeInRight\">\n\t\t\t\t<div class=\"col-inner\"  >\n\t\t\t\n\t\t\t\n\t<div class=\"img has-hover img-home x md-x lg-x y md-y lg-y\" id=\"image_1347859502\">\n\t\t\t\t\t\t\t\t<div class=\"img-inner image-cover dark\" style=\"padding-top:75%;\">\n\t\t\t<img width=\"1020\" height=\"574\" src=\"https:\/\/trivuht.com\/wp-content\/uploads\/2022\/12\/slider-2-1-1024x576.jpg\" class=\"attachment-large size-large\" alt=\"\" loading=\"lazy\" srcset=\"https:\/\/trivuht.com\/wp-content\/uploads\/2022\/12\/slider-2-1-1024x576.jpg 1024w, https:\/\/trivuht.com\/wp-content\/uploads\/2022\/12\/slider-2-1-300x169.jpg 300w, https:\/\/trivuht.com\/wp-content\/uploads\/2022\/12\/slider-2-1-768x432.jpg 768w, https:\/\/trivuht.com\/wp-content\/uploads\/2022\/12\/slider-2-1-1536x864.jpg 1536w, https:\/\/trivuht.com\/wp-content\/uploads\/2022\/12\/slider-2-1-600x338.jpg 600w, https:\/\/trivuht.com\/wp-content\/uploads\/2022\/12\/slider-2-1.jpg 1920w\" sizes=\"(max-width: 1020px) 100vw, 1020px\" \/>\t\t\t\t\t\t\n\t\t\t\t\t<\/div>\n\t\t\t\t\t\t\t\t\n<style>\n#image_1347859502 {\n  width: 100%;\n}\n<\/style>\n\t<\/div>\n\t\n\t\t<\/div>\n\t\t\t\t\t<\/div>\n\n\t\n\n\t<div id=\"col-327894050\" class=\"col small-12 large-12\"  data-animate=\"fadeInLeft\">\n\t\t\t\t<div class=\"col-inner text-center\"  >\n\t\t\t\n\t\t\t\n\t<div id=\"text-660791823\" class=\"text\">\n\t\t\n<h2>Our Mission<\/h2>\n<p>Our mission is to provide world-class products and services to our customers as well as economical and quality solutions in the field of industry and automation.<\/p>\n<h2>Our Business Goal<\/h2>\n<p>Constant qualitative and quantitative growth of our company is the primary aim of owners and employees. Risks and opportunities are comprehensively observed and actively managed. Compliance with legal requirements is as natural to us as rejecting corruption in any form. A fundamental goal that we share with our customers is to create and maintain a healthy environment. In behalf of our company and our shareholders, we intend to generate the required income and use it to achieve our purposes.<\/p>\n<h2>Our Customer \u2013 Our Partner<\/h2>\n<p>Our special concern is to capture the needs of the customer and to develop adequate solutions in dialogue with our partner, which not only meet, but even exceed, ever-expending requirements. For us, an optimal customer relationship results in a long-term partnership.<\/p>\n<h2>Our Employee \u2013 Our Asset<\/h2>\n<p>Mutual trust and a first-class working environment are the primary motivation for our employees in their customer-oriented, efficient work. Absolute reliability, a sense of responsibility and the willingness to continuous advancement are essential. Naturally the rights of employees should be upheld.<\/p>\n<h2>Our Supplier \u2013 Our Base<\/h2>\n<p>As link between manufacturer and customer we involve our suppliers in our processes and strive for close cooperation with mutual feedback.<\/p>\n<h2>Continuous Advancement<\/h2>\n<p>We appreciate what has been achieved and at same time commit ourselves to continuous improvement of our processes, our thinking and our actions on the base of effective analysis.<\/p>\n\t\t\n<style>\n#text-660791823 {\n  text-align: left;\n}\n<\/style>\n\t<\/div>\n\t\n\t\t<\/div>\n\t\t\t\t\t<\/div>\n\n\t\n<\/div>\n\t\t<\/div>\n\n\t\t\n<style>\n#section_1212440139 {\n  padding-top: 30px;\n  padding-bottom: 30px;\n}\n#section_1212440139 .ux-shape-divider--top svg {\n  height: 150px;\n  --divider-top-width: 100%;\n}\n#section_1212440139 .ux-shape-divider--bottom svg {\n  height: 150px;\n  --divider-width: 100%;\n}\n<\/style>\n\t<\/section>\n\t\n\t<section class=\"section vison-miss dark has-parallax\" id=\"section_1875007281\">\n\t\t<div class=\"bg section-bg fill bg-fill  \" data-parallax-container=\".section\" data-parallax-background data-parallax=\"-10\">\n\n\t\t\t\n\t\t\t<div class=\"section-bg-overlay absolute fill\"><\/div>\n\t\t\t\n\n\t\t<\/div>\n\n\t\t\n\n\t\t<div class=\"section-content relative\">\n\t\t\t\n<div class=\"row row-large row-solid\"  id=\"row-1543339145\">\n\n\t<div id=\"col-84079498\" class=\"col col-bottom medium-4 small-12 large-4\"  >\n\t\t\t\t<div class=\"col-inner text-center\"  >\n\t\t\t\n\t\t\t\n\n<div class=\"about-icon\"><i class=\"far fa-eye\"><\/i><\/div>\n<h2>Vision<\/h2>\n<p>Our Vision is to strive for excellence and become a competitive firm which provides international standards of quality and service by catering to the changing needs of industry.<\/p>\n\n\t\t<\/div>\n\t\t\t\t\t<\/div>\n\n\t\n\n\t<div id=\"col-829506727\" class=\"col col-bottom medium-4 small-12 large-4\"  >\n\t\t\t\t<div class=\"col-inner text-center\"  >\n\t\t\t\n\t\t\t\n\n<div class=\"about-icon\"><i class=\"far fa-paper-plane\"><\/i><\/div>\n<h2>Mission<\/h2>\n<p>We aspire to make a mark in the Indian Mechanical Seal Industry through our high quality tested products and unsurpassed service that is governed by continuous innovation in our product design, processes and client servicing. This we plan to achieve through our core values.<\/p>\n\n\t\t<\/div>\n\t\t\t\t\t<\/div>\n\n\t\n\n\t<div id=\"col-1790726642\" class=\"col col-bottom medium-4 small-12 large-4\"  >\n\t\t\t\t<div class=\"col-inner text-center\"  >\n\t\t\t\n\t\t\t\n\n<div class=\"about-icon\"><i class=\"fas fa-hands\"><\/i><\/div>\n<h2>Values<\/h2>\n<p>Tri Vu our values are the foundations on which we are built. They guide the way we conduct business, work with our customers, within our local communities and with each other.<\/p>\n\n\t\t<\/div>\n\t\t\t\t\t<\/div>\n\n\t\n<\/div>\n\t\t<\/div>\n\n\t\t\n<style>\n#section_1875007281 {\n  padding-top: 100px;\n  padding-bottom: 100px;\n}\n#section_1875007281 .section-bg-overlay {\n  background-color: rgba(58, 58, 58, 0.93);\n}\n#section_1875007281 .section-bg.bg-loaded {\n  background-image: url(https:\/\/trivuht.com\/wp-content\/uploads\/2022\/12\/vision.jpg);\n}\n#section_1875007281 .ux-shape-divider--top svg {\n  height: 150px;\n  --divider-top-width: 100%;\n}\n#section_1875007281 .ux-shape-divider--bottom svg {\n  height: 150px;\n  --divider-width: 100%;\n}\n<\/style>\n\t<\/section>\n\t\n\t<section class=\"section\" id=\"section_1362874427\">\n\t\t<div class=\"bg section-bg fill bg-fill  bg-loaded\" >\n\n\t\t\t\n\t\t\t\n\t\t\t\n\n\t\t<\/div>\n\n\t\t\n\n\t\t<div class=\"section-content relative\">\n\t\t\t\n<div class=\"row align-middle img-bg\"  id=\"row-1553753182\">\n\n\t<div id=\"col-31661194\" class=\"col col-bottom medium-6 small-12 large-6\"  >\n\t\t\t\t<div class=\"col-inner\"  >\n\t\t\t\n\t\t\t\n<h2>Our Infrastructure<\/h2>\n<h4>We have a state-of-the-art infrastructure facility.<\/h4>\n<p>Our infrastructural base is backed with the latest machines and modern technology based equipment. To make all the business operations hassle free, we have segregated our infrastructure in different parts such as designing, production unit, quality testing, sales &amp; marketing, warehousing. All these units are looked after by our team of talented professionals to effectively meet the high requirements of our esteemed client base. Our thoroughly trained and skilled professionals divided into multiple parts work in coordination with each other to fabricate finest products under our brand name.<\/p>\n\t\t<\/div>\n\t\t\t\t\t<\/div>\n\n\t\n\n\t<div id=\"col-573312239\" class=\"col col-bottom Infrastructure medium-6 small-12 large-6\"  >\n\t\t\t\t<div class=\"col-inner\"  >\n\t\t\t\n\t\t\t\n\n  <div class=\"banner has-hover\" id=\"banner-649310224\">\n          <div class=\"banner-inner fill\">\n        <div class=\"banner-bg fill\" >\n            <div class=\"bg fill bg-fill \"><\/div>\n                                    \n                    <\/div>\n\t\t\n        <div class=\"banner-layers container\">\n            <div class=\"fill banner-link\"><\/div>            \n        <\/div>\n      <\/div>\n\n            \n<style>\n#banner-649310224 {\n  padding-top: 500px;\n}\n#banner-649310224 .bg.bg-loaded {\n  background-image: url(https:\/\/trivuht.com\/wp-content\/uploads\/2022\/12\/slider-2-1.jpg);\n}\n#banner-649310224 .ux-shape-divider--top svg {\n  height: 150px;\n  --divider-top-width: 100%;\n}\n#banner-649310224 .ux-shape-divider--bottom svg {\n  height: 150px;\n  --divider-width: 100%;\n}\n<\/style>\n  <\/div>\n\n\n\t\t<\/div>\n\t\t\t\t\t<\/div>\n\n\t\n<\/div>\n\t\t<\/div>\n\n\t\t\n<style>\n#section_1362874427 {\n  padding-top: 0px;\n  padding-bottom: 0px;\n}\n#section_1362874427 .ux-shape-divider--top svg {\n  height: 150px;\n  --divider-top-width: 100%;\n}\n#section_1362874427 .ux-shape-divider--bottom svg {\n  height: 150px;\n  --divider-width: 100%;\n}\n<\/style>\n\t<\/section>\n\t\n\t<section class=\"section gioi-thieu dark\" id=\"section_1536883198\">\n\t\t<div class=\"bg section-bg fill bg-fill  bg-loaded\" >\n\n\t\t\t\n\t\t\t\n\t\t\t\n\n\t\t<\/div>\n\n\t\t\n\n\t\t<div class=\"section-content relative\">\n\t\t\t\n<div class=\"row align-middle\"  id=\"row-2011306158\">\n\n\t<div id=\"col-1265681489\" class=\"col col-bottom medium-6 small-12 large-6\"  >\n\t\t\t\t<div class=\"col-inner\"  >\n\t\t\t\n\t\t\t\n\t<div class=\"img has-hover x md-x lg-x y md-y lg-y\" id=\"image_1349594307\">\n\t\t\t\t\t\t\t\t<div class=\"img-inner dark\" >\n\t\t\t<img width=\"475\" height=\"400\" src=\"https:\/\/trivuht.com\/wp-content\/uploads\/2022\/12\/clients-satisfation.png\" class=\"attachment-large size-large\" alt=\"\" loading=\"lazy\" srcset=\"https:\/\/trivuht.com\/wp-content\/uploads\/2022\/12\/clients-satisfation.png 475w, https:\/\/trivuht.com\/wp-content\/uploads\/2022\/12\/clients-satisfation-300x253.png 300w\" sizes=\"(max-width: 475px) 100vw, 475px\" \/>\t\t\t\t\t\t\n\t\t\t\t\t<\/div>\n\t\t\t\t\t\t\t\t\n<style>\n#image_1349594307 {\n  width: 100%;\n}\n<\/style>\n\t<\/div>\n\t\n\t\t<\/div>\n\t\t\t\t\t<\/div>\n\n\t\n\n\t<div id=\"col-1959910661\" class=\"col col-bottom medium-6 small-12 large-6\"  >\n\t\t\t\t<div class=\"col-inner\"  >\n\t\t\t\n\t\t\t\n<h2>Client Satisfaction<\/h2>\n<h4>We are a client centric organization and leave no stone unturned in providing that.<\/h4>\n<p>The feedbacks of our clients and working on any loophole that causes concern to them, has been our prime task throughout. Consequently, we have attracted numerous clients from all over the country. Owing to our sophisticated production procedures, effective packaging schemes and timely delivery, we have established ourselves as an upcoming business giant.<\/p>\n\t\t<\/div>\n\t\t\t\t\t<\/div>\n\n\t\n<\/div>\n\t\t<\/div>\n\n\t\t\n<style>\n#section_1536883198 {\n  padding-top: 50px;\n  padding-bottom: 50px;\n  background-color: rgb(24, 166, 35);\n}\n#section_1536883198 .ux-shape-divider--top svg {\n  height: 150px;\n  --divider-top-width: 100%;\n}\n#section_1536883198 .ux-shape-divider--bottom svg {\n  height: 150px;\n  --divider-width: 100%;\n}\n<\/style>\n\t<\/section>\n\t\n\t<section class=\"section\" id=\"section_1002324229\">\n\t\t<div class=\"bg section-bg fill bg-fill  bg-loaded\" >\n\n\t\t\t\n\t\t\t\n\t\t\t\n\n\t\t<\/div>\n\n\t\t\n\n\t\t<div class=\"section-content relative\">\n\t\t\t\n<div class=\"row align-middle\"  id=\"row-100178163\">\n\n\t<div id=\"col-620520728\" class=\"col col-bottom medium-6 small-12 large-6\"  >\n\t\t\t\t<div class=\"col-inner\"  >\n\t\t\t\n\t\t\t\n<h2>We are Professional<\/h2>\n<h4>We have been backed by a team of experts, which makes sure to offer excellent Mechanical Seals.<\/h4>\n<p>We have a strong team of skilled and qualified professionals who assist in the production of quality mechanical seals with exclusive designs and patterns. With the concerted efforts of our team members, we are able to design the products as per the international standards. Our team includes production engineers, technicians, project managers, R &amp; D, quality analysts, sales and marketing professionals.<\/p>\n\t\t<\/div>\n\t\t\t\t\t<\/div>\n\n\t\n\n\t<div id=\"col-895369795\" class=\"col col-bottom medium-6 small-12 large-6\"  >\n\t\t\t\t<div class=\"col-inner\"  >\n\t\t\t\n\t\t\t\n\n<ul class=\"wld-icon-list-items\">\n<li><i class=\"fas fa-user\"><\/i><span>Professionals Engineers<\/span><\/li>\n<li><i class=\"fas fa-tools\"><\/i><span>Skilled Technician<\/span><\/li>\n<li><i class=\"fas fa-search\"><\/i><span>R&amp;D Experts<\/span><\/li>\n<li><i class=\"fas fa-wrench\"><\/i><span>Repairing Experts<\/span><\/li>\n<li><i class=\"fas fa-store-alt\"><\/i><span>Warehousing Experts<\/span><\/li>\n<li><i class=\"fas fa-drafting-compass\"><\/i><span>Quality Checkers<\/span><\/li>\n<\/ul>\n\n\t\t<\/div>\n\t\t\t\t\t<\/div>\n\n\t\n<\/div>\n\t\t<\/div>\n\n\t\t\n<style>\n#section_1002324229 {\n  padding-top: 70px;\n  padding-bottom: 70px;\n}\n#section_1002324229 .ux-shape-divider--top svg {\n  height: 150px;\n  --divider-top-width: 100%;\n}\n#section_1002324229 .ux-shape-divider--bottom svg {\n  height: 150px;\n  --divider-width: 100%;\n}\n<\/style>\n\t<\/section>\n\t\n","protected":false},"excerpt":{"rendered":"","protected":false},"author":1,"featured_media":0,"parent":0,"menu_order":0,"comment_status":"closed","ping_status":"closed","template":"page-blank.php","meta":[],"yst_prominent_words":[],"_links":{"self":[{"href":"https:\/\/trivuht.com\/vi\/wp-json\/wp\/v2\/pages\/127\/"}],"collection":[{"href":"https:\/\/trivuht.com\/vi\/wp-json\/wp\/v2\/pages\/"}],"about":[{"href":"https:\/\/trivuht.com\/vi\/wp-json\/wp\/v2\/types\/page\/"}],"author":[{"embeddable":true,"href":"https:\/\/trivuht.com\/vi\/wp-json\/wp\/v2\/users\/1\/"}],"replies":[{"embeddable":true,"href":"https:\/\/trivuht.com\/vi\/wp-json\/wp\/v2\/comments\/?post=127"}],"version-history":[{"count":48,"href":"https:\/\/trivuht.com\/vi\/wp-json\/wp\/v2\/pages\/127\/revisions\/"}],"predecessor-version":[{"id":595,"href":"https:\/\/trivuht.com\/vi\/wp-json\/wp\/v2\/pages\/127\/revisions\/595\/"}],"wp:attachment":[{"href":"https:\/\/trivuht.com\/vi\/wp-json\/wp\/v2\/media\/?parent=127"}],"wp:term":[{"taxonomy":"yst_prominent_words","embeddable":true,"href":"https:\/\/trivuht.com\/vi\/wp-json\/wp\/v2\/yst_prominent_words\/?post=127"}],"curies":[{"name":"wp","href":"https:\/\/api.w.org\/{rel}","templated":true}]}}